{"id":1478,"date":"2021-08-26T12:57:18","date_gmt":"2021-08-26T10:57:18","guid":{"rendered":"https:\/\/staging.giatec.de\/ethik-soziales\/"},"modified":"2021-11-11T13:12:17","modified_gmt":"2021-11-11T11:12:17","slug":"etica-social","status":"publish","type":"page","link":"https:\/\/www.giatec.de\/es\/etica-social\/","title":{"rendered":"\u00c9tica \/ Social"},"content":{"rendered":"\t\t<div data-elementor-type=\"wp-page\" data-elementor-id=\"1478\" class=\"elementor elementor-1478 elementor-47\" data-elementor-post-type=\"page\">\n\t\t\t\t\t\t<section class=\"elementor-section elementor-top-section elementor-element elementor-element-7f580f32 elementor-section-height-min-height elementor-section-boxed elementor-section-height-default elementor-section-items-middle\" data-id=\"7f580f32\" data-element_type=\"section\" data-settings=\"{&quot;background_background&quot;:&quot;classic&quot;,&quot;background_motion_fx_motion_fx_scrolling&quot;:&quot;yes&quot;,&quot;background_motion_fx_devices&quot;:[&quot;desktop&quot;,&quot;tablet&quot;,&quot;mobile&quot;]}\">\n\t\t\t\t\t\t\t<div class=\"elementor-background-overlay\"><\/div>\n\t\t\t\t\t\t\t<div class=\"elementor-container elementor-column-gap-default\">\n\t\t\t\t\t<div class=\"elementor-column elementor-col-100 elementor-top-column elementor-element elementor-element-74087032\" data-id=\"74087032\" data-element_type=\"column\">\n\t\t\t<div class=\"elementor-widget-wrap elementor-element-populated\">\n\t\t\t\t\t\t<div class=\"elementor-element elementor-element-44f83ad7 elementor-widget elementor-widget-heading\" data-id=\"44f83ad7\" data-element_type=\"widget\" data-widget_type=\"heading.default\">\n\t\t\t\t<div class=\"elementor-widget-container\">\n\t\t\t\t\t<h2 class=\"elementor-heading-title elementor-size-default\">GIATEC GmbH<\/h2>\t\t\t\t<\/div>\n\t\t\t\t<\/div>\n\t\t\t\t<div class=\"elementor-element elementor-element-6a176f92 elementor-widget elementor-widget-text-editor\" data-id=\"6a176f92\" data-element_type=\"widget\" data-widget_type=\"text-editor.default\">\n\t\t\t\t<div class=\"elementor-widget-container\">\n\t\t\t\t\t\t\t\t\t<p>\u00c9tica \/ Social<\/p>\t\t\t\t\t\t\t\t<\/div>\n\t\t\t\t<\/div>\n\t\t\t\t\t<\/div>\n\t\t<\/div>\n\t\t\t\t\t<\/div>\n\t\t<\/section>\n\t\t\t\t<section class=\"elementor-section elementor-top-section elementor-element elementor-element-27a5d26c elementor-section-boxed elementor-section-height-default elementor-section-height-default\" data-id=\"27a5d26c\" data-element_type=\"section\">\n\t\t\t\t\t\t<div class=\"elementor-container elementor-column-gap-default\">\n\t\t\t\t\t<div class=\"elementor-column elementor-col-100 elementor-top-column elementor-element elementor-element-73c3b86f\" data-id=\"73c3b86f\" data-element_type=\"column\">\n\t\t\t<div class=\"elementor-widget-wrap elementor-element-populated\">\n\t\t\t\t\t\t<div class=\"elementor-element elementor-element-2c27dd2 elementor-widget elementor-widget-heading\" data-id=\"2c27dd2\" data-element_type=\"widget\" data-widget_type=\"heading.default\">\n\t\t\t\t<div class=\"elementor-widget-container\">\n\t\t\t\t\t<h1 class=\"elementor-heading-title elementor-size-default\">\u00c9tica \/ Social<\/h1>\t\t\t\t<\/div>\n\t\t\t\t<\/div>\n\t\t\t\t<div class=\"elementor-element elementor-element-12b8c1e0 elementor-widget elementor-widget-text-editor\" data-id=\"12b8c1e0\" data-element_type=\"widget\" data-widget_type=\"text-editor.default\">\n\t\t\t\t<div class=\"elementor-widget-container\">\n\t\t\t\t\t\t\t\t\t<h2>1. Prohibici\u00f3n de la corrupci\u00f3n<\/h2>\n<p>Cualquier forma de corrupci\u00f3n y soborno no ser\u00e1 tolerada por GIATEC. No se crear\u00e1 ninguna influencia u obligaci\u00f3n personal. La legislaci\u00f3n nacional debe cumplirse siempre. No se dar\u00e1 ning\u00fan beneficio a nadie para influir en una decisi\u00f3n.<\/p>\n<h2>2. Cumplimiento de la ley<\/h2>\n<p>Se aplican las horas m\u00e1ximas de trabajo seg\u00fan la legislaci\u00f3n laboral vigente (Ley de Horas de Trabajo). El tiempo de trabajo permitido es de un m\u00e1ximo de 48 horas semanales (un m\u00e1ximo de 60 horas incluyendo las horas extraordinarias). Se conceder\u00e1n y cumplir\u00e1n las pausas prescritas.<\/p>\n<h2>3. Pago de sueldos y salarios justos<\/h2>\n<p>Los sueldos y salarios se basan en las disposiciones legales aplicables, as\u00ed como en los contratos celebrados en virtud del derecho individual. Se procurar\u00e1 que la estructura salarial sea justa y est\u00e9 relacionada con el rendimiento<\/p>\n<h2>4. Prohibici\u00f3n de los trabajos forzados y de los castigos corporales<\/h2>\n<p>La acci\u00f3n disciplinaria por fuerza directa o indirecta est\u00e1 prohibida. Nunca intimide ni obligue a un trabajador a trabajar. Esto incluye la violencia verbal, psicol\u00f3gica o f\u00edsica, as\u00ed como la coacci\u00f3n o el acoso (incluso de car\u00e1cter sexual).<\/p>\n<h2>5. Prohibici\u00f3n de la discriminaci\u00f3n<\/h2>\n<p>Todos los trabajadores ser\u00e1n tratados por igual, independientemente de: El sexo, el color, la edad, la raza, la religi\u00f3n, la opini\u00f3n pol\u00edtica, cualquier discapacidad f\u00edsica o mental, el origen \u00e9tnico, nacional o social, la orientaci\u00f3n sexual u otras caracter\u00edsticas personales, la pertenencia a una organizaci\u00f3n de trabajadores. Se reconoce la libertad de asociaci\u00f3n en la medida en que lo permita la ley.<\/p>\n<h2>6. Condiciones de trabajo seguras y saludables<\/h2>\n<p>Los socios comerciales toman medidas para prevenir los riesgos para la salud y los accidentes. Los trabajadores reciben formaci\u00f3n sobre seguridad laboral a intervalos regulares. Todos los trabajadores disponen de aseos limpios y agua potable en cantidad suficiente<\/p>\n<h2>7. Prohibici\u00f3n del trabajo infantil<\/h2>\n<p>En ning\u00fan caso se emplear\u00e1n trabajadores menores de 15 a\u00f1os. Se cumplir\u00e1 la restricci\u00f3n del empleo de los j\u00f3venes seg\u00fan la Ley de Protecci\u00f3n del Empleo Juvenil.<\/p>\n<h2>8. Protecci\u00f3n del medio ambiente<\/h2>\n<p>Las leyes, normas y procedimientos aplicables se integran internamente y se cumplen y controlan regularmente. Los socios comerciales trabajan continuamente para evitar y reducir la contaminaci\u00f3n ambiental. Garantizan la correcta eliminaci\u00f3n de los residuos, especialmente de las sustancias peligrosas. Esto tambi\u00e9n se aplica a las aguas residuales y a las emisiones.<\/p>\n<p><strong>Contacto<br \/><\/strong>Sr. Frank Papenheim<br \/>Tel: +49 2324 \/ 201 89 0<br \/>E-mail:<a href=\"mailto:frank.papenheim@giatec.de\"> frank.papenheim@giatec.de<\/a><\/p>\t\t\t\t\t\t\t\t<\/div>\n\t\t\t\t<\/div>\n\t\t\t\t\t<\/div>\n\t\t<\/div>\n\t\t\t\t\t<\/div>\n\t\t<\/section>\n\t\t\t\t<\/div>\n\t\t","protected":false},"excerpt":{"rendered":"<p>GIATEC GmbH \u00c9tica \/ Social \u00c9tica \/ Social 1. Prohibici\u00f3n de la corrupci\u00f3n Cualquier forma de corrupci\u00f3n y soborno no ser\u00e1 tolerada por GIATEC. No se crear\u00e1 ninguna influencia u obligaci\u00f3n personal. La legislaci\u00f3n nacional debe cumplirse siempre. No se dar\u00e1 ning\u00fan beneficio a nadie para influir en una decisi\u00f3n. 2. Cumplimiento de la ley [&hellip;]<\/p>\n","protected":false},"author":1,"featured_media":0,"parent":0,"menu_order":0,"comment_status":"closed","ping_status":"closed","template":"","meta":{"footnotes":""},"class_list":["post-1478","page","type-page","status-publish","hentry"],"_links":{"self":[{"href":"https:\/\/www.giatec.de\/es\/wp-json\/wp\/v2\/pages\/1478","targetHints":{"allow":["GET"]}}],"collection":[{"href":"https:\/\/www.giatec.de\/es\/wp-json\/wp\/v2\/pages"}],"about":[{"href":"https:\/\/www.giatec.de\/es\/wp-json\/wp\/v2\/types\/page"}],"author":[{"embeddable":true,"href":"https:\/\/www.giatec.de\/es\/wp-json\/wp\/v2\/users\/1"}],"replies":[{"embeddable":true,"href":"https:\/\/www.giatec.de\/es\/wp-json\/wp\/v2\/comments?post=1478"}],"version-history":[{"count":9,"href":"https:\/\/www.giatec.de\/es\/wp-json\/wp\/v2\/pages\/1478\/revisions"}],"predecessor-version":[{"id":1884,"href":"https:\/\/www.giatec.de\/es\/wp-json\/wp\/v2\/pages\/1478\/revisions\/1884"}],"wp:attachment":[{"href":"https:\/\/www.giatec.de\/es\/wp-json\/wp\/v2\/media?parent=1478"}],"curies":[{"name":"wp","href":"https:\/\/api.w.org\/{rel}","templated":true}]}}