{"id":1484,"date":"2021-08-26T12:50:47","date_gmt":"2021-08-26T10:50:47","guid":{"rendered":"https:\/\/staging.giatec.de\/impressum\/"},"modified":"2024-06-03T10:01:27","modified_gmt":"2024-06-03T08:01:27","slug":"imprenta","status":"publish","type":"page","link":"https:\/\/www.giatec.de\/es\/imprenta\/","title":{"rendered":"Impressum"},"content":{"rendered":"\t\t<div data-elementor-type=\"wp-page\" data-elementor-id=\"1484\" class=\"elementor elementor-1484 elementor-37\" data-elementor-post-type=\"page\">\n\t\t\t\t\t\t<section class=\"elementor-section elementor-top-section elementor-element elementor-element-4eb85cc7 elementor-section-height-min-height elementor-section-boxed elementor-section-height-default elementor-section-items-middle\" data-id=\"4eb85cc7\" data-element_type=\"section\" data-settings=\"{&quot;background_background&quot;:&quot;classic&quot;,&quot;background_motion_fx_motion_fx_scrolling&quot;:&quot;yes&quot;,&quot;background_motion_fx_devices&quot;:[&quot;desktop&quot;,&quot;tablet&quot;,&quot;mobile&quot;]}\">\n\t\t\t\t\t\t\t<div class=\"elementor-background-overlay\"><\/div>\n\t\t\t\t\t\t\t<div class=\"elementor-container elementor-column-gap-default\">\n\t\t\t\t\t<div class=\"elementor-column elementor-col-100 elementor-top-column elementor-element elementor-element-18c0d7db\" data-id=\"18c0d7db\" data-element_type=\"column\">\n\t\t\t<div class=\"elementor-widget-wrap elementor-element-populated\">\n\t\t\t\t\t\t<div class=\"elementor-element elementor-element-2a0d9adf elementor-widget elementor-widget-heading\" data-id=\"2a0d9adf\" data-element_type=\"widget\" data-widget_type=\"heading.default\">\n\t\t\t\t<div class=\"elementor-widget-container\">\n\t\t\t\t\t<h2 class=\"elementor-heading-title elementor-size-default\">GIATEC GmbH<\/h2>\t\t\t\t<\/div>\n\t\t\t\t<\/div>\n\t\t\t\t<div class=\"elementor-element elementor-element-5c34bc83 elementor-widget elementor-widget-text-editor\" data-id=\"5c34bc83\" data-element_type=\"widget\" data-widget_type=\"text-editor.default\">\n\t\t\t\t<div class=\"elementor-widget-container\">\n\t\t\t\t\t\t\t\t\t<p>Imprenta<\/p>\t\t\t\t\t\t\t\t<\/div>\n\t\t\t\t<\/div>\n\t\t\t\t\t<\/div>\n\t\t<\/div>\n\t\t\t\t\t<\/div>\n\t\t<\/section>\n\t\t\t\t<section class=\"elementor-section elementor-top-section elementor-element elementor-element-442ca7d4 elementor-section-boxed elementor-section-height-default elementor-section-height-default\" data-id=\"442ca7d4\" data-element_type=\"section\">\n\t\t\t\t\t\t<div class=\"elementor-container elementor-column-gap-default\">\n\t\t\t\t\t<div class=\"elementor-column elementor-col-100 elementor-top-column elementor-element elementor-element-f5478f4\" data-id=\"f5478f4\" data-element_type=\"column\">\n\t\t\t<div class=\"elementor-widget-wrap elementor-element-populated\">\n\t\t\t\t\t\t<div class=\"elementor-element elementor-element-75bb52b elementor-widget elementor-widget-heading\" data-id=\"75bb52b\" data-element_type=\"widget\" data-widget_type=\"heading.default\">\n\t\t\t\t<div class=\"elementor-widget-container\">\n\t\t\t\t\t<h1 class=\"elementor-heading-title elementor-size-default\">Imprenta<\/h1>\t\t\t\t<\/div>\n\t\t\t\t<\/div>\n\t\t\t\t<div class=\"elementor-element elementor-element-50df1e2 elementor-widget elementor-widget-text-editor\" data-id=\"50df1e2\" data-element_type=\"widget\" data-widget_type=\"text-editor.default\">\n\t\t\t\t<div class=\"elementor-widget-container\">\n\t\t\t\t\t\t\t\t\t<p>GIATEC GmbH<br \/>Ruhrallee 5<br \/>45525 Hattingen<\/p><h2>Representado por los Directores Generales:<\/h2><p>Uwe Grisard<\/p><h2>Contacto:<\/h2><p>Tel\u00e9fono: +49 (0)2324 \/ 20 189 0<br \/>Fax: +49 (0)2324 55 398<br \/>E-mail: info@giatec.de<\/p><h2>Registrar la entrada:<\/h2><p>Inscripci\u00f3n en el registro mercantil.<br \/>Tribunal del Registro: Essen<br \/>N\u00famero de registro: HRB Nr. 15286<\/p><h2>Impuesto sobre las ventas:<\/h2><p>N\u00famero de identificaci\u00f3n del impuesto sobre las ventas seg\u00fan el art\u00edculo 27 a de la Ley del Impuesto sobre las Ventas:<br \/>DE162986901<\/p><h2>Resoluci\u00f3n de litigios<\/h2><p>No estamos dispuestos ni obligados a participar en un procedimiento de resoluci\u00f3n de conflictos ante una junta de arbitraje de consumo.<\/p><h3><a href=\"https:\/\/www.giatec.de\/es\/descargo-de-responsabilidad\/\" data-type=\"page\" data-id=\"42\">Descargo de responsabilidad<\/a>\u00a0| <a href=\"https:\/\/www.giatec.de\/es\/politica-de-privacidad\/\" data-type=\"page\" data-id=\"3\">Politica de privacidad<\/a><\/h3>\t\t\t\t\t\t\t\t<\/div>\n\t\t\t\t<\/div>\n\t\t\t\t\t<\/div>\n\t\t<\/div>\n\t\t\t\t\t<\/div>\n\t\t<\/section>\n\t\t\t\t<\/div>\n\t\t","protected":false},"excerpt":{"rendered":"<p>GIATEC GmbH Imprenta Imprenta GIATEC GmbHRuhrallee 545525 Hattingen Representado por los Directores Generales: Uwe Grisard Contacto: Tel\u00e9fono: +49 (0)2324 \/ 20 189 0Fax: +49 (0)2324 55 398E-mail: info@giatec.de Registrar la entrada: Inscripci\u00f3n en el registro mercantil.Tribunal del Registro: EssenN\u00famero de registro: HRB Nr. 15286 Impuesto sobre las ventas: N\u00famero de identificaci\u00f3n del impuesto sobre las [&hellip;]<\/p>\n","protected":false},"author":1,"featured_media":0,"parent":0,"menu_order":0,"comment_status":"closed","ping_status":"closed","template":"","meta":{"footnotes":""},"class_list":["post-1484","page","type-page","status-publish","hentry"],"_links":{"self":[{"href":"https:\/\/www.giatec.de\/es\/wp-json\/wp\/v2\/pages\/1484","targetHints":{"allow":["GET"]}}],"collection":[{"href":"https:\/\/www.giatec.de\/es\/wp-json\/wp\/v2\/pages"}],"about":[{"href":"https:\/\/www.giatec.de\/es\/wp-json\/wp\/v2\/types\/page"}],"author":[{"embeddable":true,"href":"https:\/\/www.giatec.de\/es\/wp-json\/wp\/v2\/users\/1"}],"replies":[{"embeddable":true,"href":"https:\/\/www.giatec.de\/es\/wp-json\/wp\/v2\/comments?post=1484"}],"version-history":[{"count":24,"href":"https:\/\/www.giatec.de\/es\/wp-json\/wp\/v2\/pages\/1484\/revisions"}],"predecessor-version":[{"id":2547,"href":"https:\/\/www.giatec.de\/es\/wp-json\/wp\/v2\/pages\/1484\/revisions\/2547"}],"wp:attachment":[{"href":"https:\/\/www.giatec.de\/es\/wp-json\/wp\/v2\/media?parent=1484"}],"curies":[{"name":"wp","href":"https:\/\/api.w.org\/{rel}","templated":true}]}}