{"id":1493,"date":"2021-08-26T12:55:31","date_gmt":"2021-08-26T10:55:31","guid":{"rendered":"https:\/\/staging.giatec.de\/umwelt\/"},"modified":"2024-04-16T09:41:55","modified_gmt":"2024-04-16T07:41:55","slug":"medio-ambiente","status":"publish","type":"page","link":"https:\/\/www.giatec.de\/es\/medio-ambiente\/","title":{"rendered":"Responsabilidad con el medio ambiente"},"content":{"rendered":"\t\t<div data-elementor-type=\"wp-page\" data-elementor-id=\"1493\" class=\"elementor elementor-1493 elementor-45\" data-elementor-post-type=\"page\">\n\t\t\t\t\t\t<section class=\"elementor-section elementor-top-section elementor-element elementor-element-45aff437 elementor-section-height-min-height elementor-section-boxed elementor-section-height-default elementor-section-items-middle\" data-id=\"45aff437\" data-element_type=\"section\" data-settings=\"{&quot;background_background&quot;:&quot;classic&quot;,&quot;background_motion_fx_motion_fx_scrolling&quot;:&quot;yes&quot;,&quot;background_motion_fx_devices&quot;:[&quot;desktop&quot;,&quot;tablet&quot;,&quot;mobile&quot;]}\">\n\t\t\t\t\t\t\t<div class=\"elementor-background-overlay\"><\/div>\n\t\t\t\t\t\t\t<div class=\"elementor-container elementor-column-gap-default\">\n\t\t\t\t\t<div class=\"elementor-column elementor-col-100 elementor-top-column elementor-element elementor-element-50d49723\" data-id=\"50d49723\" data-element_type=\"column\">\n\t\t\t<div class=\"elementor-widget-wrap elementor-element-populated\">\n\t\t\t\t\t\t<div class=\"elementor-element elementor-element-11f10c7c elementor-widget elementor-widget-heading\" data-id=\"11f10c7c\" data-element_type=\"widget\" data-widget_type=\"heading.default\">\n\t\t\t\t<div class=\"elementor-widget-container\">\n\t\t\t\t\t<h2 class=\"elementor-heading-title elementor-size-default\">GIATEC GmbH<\/h2>\t\t\t\t<\/div>\n\t\t\t\t<\/div>\n\t\t\t\t<div class=\"elementor-element elementor-element-76c0d18a elementor-widget elementor-widget-text-editor\" data-id=\"76c0d18a\" data-element_type=\"widget\" data-widget_type=\"text-editor.default\">\n\t\t\t\t<div class=\"elementor-widget-container\">\n\t\t\t\t\t\t\t\t\t<p>Responsabilidad con el medio ambiente<\/p>\t\t\t\t\t\t\t\t<\/div>\n\t\t\t\t<\/div>\n\t\t\t\t\t<\/div>\n\t\t<\/div>\n\t\t\t\t\t<\/div>\n\t\t<\/section>\n\t\t\t\t<section class=\"elementor-section elementor-top-section elementor-element elementor-element-2538876 elementor-section-boxed elementor-section-height-default elementor-section-height-default\" data-id=\"2538876\" data-element_type=\"section\">\n\t\t\t\t\t\t<div class=\"elementor-container elementor-column-gap-default\">\n\t\t\t\t\t<div class=\"elementor-column elementor-col-33 elementor-top-column elementor-element elementor-element-1d04b0f\" data-id=\"1d04b0f\" data-element_type=\"column\">\n\t\t\t<div class=\"elementor-widget-wrap elementor-element-populated\">\n\t\t\t\t\t\t<div class=\"elementor-element elementor-element-ad14a60 elementor-widget elementor-widget-image\" data-id=\"ad14a60\" data-element_type=\"widget\" data-widget_type=\"image.default\">\n\t\t\t\t<div class=\"elementor-widget-container\">\n\t\t\t\t\t\t\t\t\t\t\t\t\t\t\t\t<a href=\"https:\/\/www.giatec.de\/wp-content\/uploads\/2024\/04\/baumspende2024.jpg\" data-elementor-open-lightbox=\"yes\" data-elementor-lightbox-title=\"baumspende2024\" data-e-action-hash=\"#elementor-action%3Aaction%3Dlightbox%26settings%3DeyJpZCI6MjUwNywidXJsIjoiaHR0cHM6XC9cL3d3dy5naWF0ZWMuZGVcL3dwLWNvbnRlbnRcL3VwbG9hZHNcLzIwMjRcLzA0XC9iYXVtc3BlbmRlMjAyNC5qcGcifQ%3D%3D\">\n\t\t\t\t\t\t\t<img fetchpriority=\"high\" decoding=\"async\" width=\"725\" height=\"1024\" src=\"https:\/\/www.giatec.de\/wp-content\/uploads\/2024\/04\/baumspende2024-725x1024.jpg\" class=\"attachment-large size-large wp-image-2507\" alt=\"\" srcset=\"https:\/\/www.giatec.de\/wp-content\/uploads\/2024\/04\/baumspende2024-725x1024.jpg 725w, https:\/\/www.giatec.de\/wp-content\/uploads\/2024\/04\/baumspende2024-212x300.jpg 212w, https:\/\/www.giatec.de\/wp-content\/uploads\/2024\/04\/baumspende2024-768x1085.jpg 768w, https:\/\/www.giatec.de\/wp-content\/uploads\/2024\/04\/baumspende2024.jpg 911w\" sizes=\"(max-width: 725px) 100vw, 725px\" \/>\t\t\t\t\t\t\t\t<\/a>\n\t\t\t\t\t\t\t\t\t\t\t\t\t\t\t<\/div>\n\t\t\t\t<\/div>\n\t\t\t\t\t<\/div>\n\t\t<\/div>\n\t\t\t\t<div class=\"elementor-column elementor-col-66 elementor-top-column elementor-element elementor-element-4d7ee4c\" data-id=\"4d7ee4c\" data-element_type=\"column\">\n\t\t\t<div class=\"elementor-widget-wrap elementor-element-populated\">\n\t\t\t\t\t\t<div class=\"elementor-element elementor-element-f2bd5ad elementor-widget elementor-widget-heading\" data-id=\"f2bd5ad\" data-element_type=\"widget\" data-widget_type=\"heading.default\">\n\t\t\t\t<div class=\"elementor-widget-container\">\n\t\t\t\t\t<h1 class=\"elementor-heading-title elementor-size-default\">Responsabilidad<br>con el medio ambiente<\/h1>\t\t\t\t<\/div>\n\t\t\t\t<\/div>\n\t\t\t\t<div class=\"elementor-element elementor-element-298c2ce elementor-widget elementor-widget-text-editor\" data-id=\"298c2ce\" data-element_type=\"widget\" data-widget_type=\"text-editor.default\">\n\t\t\t\t<div class=\"elementor-widget-container\">\n\t\t\t\t\t\t\t\t\t<p>En GIATEC GmbH somos conscientes de nuestra responsabilidad medioambiental y nos esforzamos, entre otras cosas, por mantener bajas nuestras emisiones de CO2.<\/p>\n<p>Las 60 toneladas de CO2 que se calcula que producimos a trav\u00e9s del combustible, la calefacci\u00f3n y la electricidad se compensan con las donaciones de nuestros empleados y la duplicaci\u00f3n de las donaciones de GIATEC GmbH, con m\u00e1s de 1000 \u00e1rboles plantados cada a\u00f1o.<\/p>\n<p>M\u00e1s en: <a href=\"https:\/\/www.plant-for-the-planet.org\/\" target=\"_blank\" rel=\"noreferrer noopener\">www.plant-for-the-planet.org<\/a><\/p>\t\t\t\t\t\t\t\t<\/div>\n\t\t\t\t<\/div>\n\t\t\t\t\t<\/div>\n\t\t<\/div>\n\t\t\t\t\t<\/div>\n\t\t<\/section>\n\t\t\t\t<\/div>\n\t\t","protected":false},"excerpt":{"rendered":"<p>GIATEC GmbH Responsabilidad con el medio ambiente Responsabilidadcon el medio ambiente En GIATEC GmbH somos conscientes de nuestra responsabilidad medioambiental y nos esforzamos, entre otras cosas, por mantener bajas nuestras emisiones de CO2. Las 60 toneladas de CO2 que se calcula que producimos a trav\u00e9s del combustible, la calefacci\u00f3n y la electricidad se compensan con [&hellip;]<\/p>\n","protected":false},"author":1,"featured_media":0,"parent":0,"menu_order":0,"comment_status":"closed","ping_status":"closed","template":"","meta":{"footnotes":""},"class_list":["post-1493","page","type-page","status-publish","hentry"],"_links":{"self":[{"href":"https:\/\/www.giatec.de\/es\/wp-json\/wp\/v2\/pages\/1493","targetHints":{"allow":["GET"]}}],"collection":[{"href":"https:\/\/www.giatec.de\/es\/wp-json\/wp\/v2\/pages"}],"about":[{"href":"https:\/\/www.giatec.de\/es\/wp-json\/wp\/v2\/types\/page"}],"author":[{"embeddable":true,"href":"https:\/\/www.giatec.de\/es\/wp-json\/wp\/v2\/users\/1"}],"replies":[{"embeddable":true,"href":"https:\/\/www.giatec.de\/es\/wp-json\/wp\/v2\/comments?post=1493"}],"version-history":[{"count":15,"href":"https:\/\/www.giatec.de\/es\/wp-json\/wp\/v2\/pages\/1493\/revisions"}],"predecessor-version":[{"id":2531,"href":"https:\/\/www.giatec.de\/es\/wp-json\/wp\/v2\/pages\/1493\/revisions\/2531"}],"wp:attachment":[{"href":"https:\/\/www.giatec.de\/es\/wp-json\/wp\/v2\/media?parent=1493"}],"curies":[{"name":"wp","href":"https:\/\/api.w.org\/{rel}","templated":true}]}}