{"id":2311,"date":"2023-05-24T10:52:26","date_gmt":"2023-05-24T08:52:26","guid":{"rendered":"https:\/\/www.giatec.de\/automatisierer-in-w-m-d-schwerpunkt-prozessautomatisierung-gesucht\/"},"modified":"2023-05-26T17:47:21","modified_gmt":"2023-05-26T15:47:21","slug":"profesional-en-automatizacion-w-f-d","status":"publish","type":"page","link":"https:\/\/www.giatec.de\/es\/profesional-en-automatizacion-w-f-d\/","title":{"rendered":"profesional en automatizaci\u00f3n (m\/f\/d) con \u00e9nfasis en la automatizaci\u00f3n de procesos"},"content":{"rendered":"\t\t<div data-elementor-type=\"wp-page\" data-elementor-id=\"2311\" class=\"elementor elementor-2311\" data-elementor-post-type=\"page\">\n\t\t\t\t\t\t<section class=\"elementor-section elementor-top-section elementor-element elementor-element-657d5ba3 elementor-section-boxed elementor-section-height-default elementor-section-height-default\" data-id=\"657d5ba3\" data-element_type=\"section\">\n\t\t\t\t\t\t<div class=\"elementor-container elementor-column-gap-default\">\n\t\t\t\t\t<div class=\"elementor-column elementor-col-100 elementor-top-column elementor-element elementor-element-59d97660\" data-id=\"59d97660\" data-element_type=\"column\" data-settings=\"{&quot;background_background&quot;:&quot;classic&quot;}\">\n\t\t\t<div class=\"elementor-widget-wrap elementor-element-populated\">\n\t\t\t\t\t\t<div class=\"elementor-element elementor-element-40bb4685 elementor-widget elementor-widget-heading\" data-id=\"40bb4685\" data-element_type=\"widget\" data-widget_type=\"heading.default\">\n\t\t\t\t<div class=\"elementor-widget-container\">\n\t\t\t\t\t<h2 class=\"elementor-heading-title elementor-size-default\">Estamos buscando a un profesional en automatizaci\u00f3n (m\/f\/d)\npara comenzar lo antes posible a tiempo completo (40 horas) \ncon \u00e9nfasis en la automatizaci\u00f3n de procesos. \n<\/h2>\t\t\t\t<\/div>\n\t\t\t\t<\/div>\n\t\t\t\t\t<\/div>\n\t\t<\/div>\n\t\t\t\t\t<\/div>\n\t\t<\/section>\n\t\t\t\t<section class=\"elementor-section elementor-top-section elementor-element elementor-element-371c9d91 elementor-section-boxed elementor-section-height-default elementor-section-height-default\" data-id=\"371c9d91\" data-element_type=\"section\">\n\t\t\t\t\t\t<div class=\"elementor-container elementor-column-gap-default\">\n\t\t\t\t\t<div class=\"elementor-column elementor-col-100 elementor-top-column elementor-element elementor-element-583223ed\" data-id=\"583223ed\" data-element_type=\"column\">\n\t\t\t<div class=\"elementor-widget-wrap elementor-element-populated\">\n\t\t\t\t\t\t<div class=\"elementor-element elementor-element-3073956b elementor-widget elementor-widget-heading\" data-id=\"3073956b\" data-element_type=\"widget\" data-widget_type=\"heading.default\">\n\t\t\t\t<div class=\"elementor-widget-container\">\n\t\t\t\t\t<h3 class=\"elementor-heading-title elementor-size-medium\">Lo que puede esperar de nosotros:<\/h3>\t\t\t\t<\/div>\n\t\t\t\t<\/div>\n\t\t\t\t<div class=\"elementor-element elementor-element-43120ed6 elementor-widget elementor-widget-text-editor\" data-id=\"43120ed6\" data-element_type=\"widget\" data-widget_type=\"text-editor.default\">\n\t\t\t\t<div class=\"elementor-widget-container\">\n\t\t\t\t\t\t\t\t\t<ul>\n \t<li>Planificaci\u00f3n, desarrollo e implementaci\u00f3n de proyectos de automatizaci\u00f3n.<\/li><li>Trabajar de manera aut\u00f3noma en un equipo peque\u00f1o con estructuras jer\u00e1rquicas planas.<\/li><li>Contacto directo con nuestros clientes (nacionales e internacionales).<\/li>\n<\/ul>\t\t\t\t\t\t\t\t<\/div>\n\t\t\t\t<\/div>\n\t\t\t\t<div class=\"elementor-element elementor-element-5dc01b0 elementor-widget elementor-widget-heading\" data-id=\"5dc01b0\" data-element_type=\"widget\" data-widget_type=\"heading.default\">\n\t\t\t\t<div class=\"elementor-widget-container\">\n\t\t\t\t\t<h3 class=\"elementor-heading-title elementor-size-medium\">Lo que esperamos de usted:<\/h3>\t\t\t\t<\/div>\n\t\t\t\t<\/div>\n\t\t\t\t<div class=\"elementor-element elementor-element-f98b5c elementor-widget elementor-widget-text-editor\" data-id=\"f98b5c\" data-element_type=\"widget\" data-widget_type=\"text-editor.default\">\n\t\t\t\t<div class=\"elementor-widget-container\">\n\t\t\t\t\t\t\t\t\t<ul><li>Licenciatura o formaci\u00f3n exitosamente completada en inform\u00e1tica\/ingenier\u00eda el\u00e9ctrica o competencias equivalente.<\/li><li>Conocimientos en Siemens S7, TIA.<\/li><li>Experiencia en Rockwell SLC\/PLC.<\/li><li>Conocimientos en visualizaciones como InTouch, Aveva Systemplatform, WinCC ser\u00edan ventajosos.<\/li><li>Buen nivel de ingl\u00e9s.<\/li><li>Experiencia general en ingenier\u00eda de procesos ser\u00eda deseable.<\/li><li>Capacidad de trabajar de manera eficiente y aut\u00f3noma, as\u00ed como alta confiabilidad y flexibilidad.<\/li><\/ul>\t\t\t\t\t\t\t\t<\/div>\n\t\t\t\t<\/div>\n\t\t\t\t<div class=\"elementor-element elementor-element-77381868 elementor-widget elementor-widget-heading\" data-id=\"77381868\" data-element_type=\"widget\" data-widget_type=\"heading.default\">\n\t\t\t\t<div class=\"elementor-widget-container\">\n\t\t\t\t\t<h3 class=\"elementor-heading-title elementor-size-medium\">Lo que le ofrecemos:<\/h3>\t\t\t\t<\/div>\n\t\t\t\t<\/div>\n\t\t\t\t<div class=\"elementor-element elementor-element-d734e20 elementor-widget elementor-widget-text-editor\" data-id=\"d734e20\" data-element_type=\"widget\" data-widget_type=\"text-editor.default\">\n\t\t\t\t<div class=\"elementor-widget-container\">\n\t\t\t\t\t\t\t\t\t<ul><li>Tareas diversas e interesantes en una empresa de propiedad familiar.<\/li><li>Gran margen de maniobra en un entorno de trabajo abierto y orientado al equipo.<\/li><li>Atractiva remuneraci\u00f3n (incluyendo bonificaciones de vacaciones y navidad).<\/li><li>Horario flexible y posibilidad de trabajar desde casa.<\/li><li>Bebidas gratuitas.<\/li><li>Despu\u00e9s de un per\u00edodo de capacitaci\u00f3n exitoso, se ofrece un veh\u00edculo de empresa.<\/li><li>Tel\u00e9fono de empresa tambi\u00e9n para uso personal.<\/li><li>Participaci\u00f3n en el plan de jubilaci\u00f3n.<\/li><li>30 d\u00edas de vacaciones.<\/li><\/ul>\t\t\t\t\t\t\t\t<\/div>\n\t\t\t\t<\/div>\n\t\t\t\t<div class=\"elementor-element elementor-element-22afb5bf elementor-widget elementor-widget-button\" data-id=\"22afb5bf\" data-element_type=\"widget\" data-widget_type=\"button.default\">\n\t\t\t\t<div class=\"elementor-widget-container\">\n\t\t\t\t\t\t\t\t\t<div class=\"elementor-button-wrapper\">\n\t\t\t\t\t<a class=\"elementor-button elementor-button-link elementor-size-sm\" href=\"https:\/\/www.giatec.de\/wp-content\/uploads\/2023\/05\/profesional-en-automatizacion-m-f-d.pdf\" target=\"_blank\">\n\t\t\t\t\t\t<span class=\"elementor-button-content-wrapper\">\n\t\t\t\t\t\t<span class=\"elementor-button-icon\">\n\t\t\t\t<i aria-hidden=\"true\" class=\"far fa-file-pdf\"><\/i>\t\t\t<\/span>\n\t\t\t\t\t\t\t\t\t<span class=\"elementor-button-text\">Oferta de trabajo en formato PDF<\/span>\n\t\t\t\t\t<\/span>\n\t\t\t\t\t<\/a>\n\t\t\t\t<\/div>\n\t\t\t\t\t\t\t\t<\/div>\n\t\t\t\t<\/div>\n\t\t\t\t\t<\/div>\n\t\t<\/div>\n\t\t\t\t\t<\/div>\n\t\t<\/section>\n\t\t\t\t<section class=\"elementor-section elementor-top-section elementor-element elementor-element-6a539139 elementor-section-boxed elementor-section-height-default elementor-section-height-default\" data-id=\"6a539139\" data-element_type=\"section\">\n\t\t\t\t\t\t<div class=\"elementor-container elementor-column-gap-default\">\n\t\t\t\t\t<div class=\"elementor-column elementor-col-100 elementor-top-column elementor-element elementor-element-1ed324ca\" data-id=\"1ed324ca\" data-element_type=\"column\" data-settings=\"{&quot;background_background&quot;:&quot;classic&quot;}\">\n\t\t\t<div class=\"elementor-widget-wrap elementor-element-populated\">\n\t\t\t\t\t\t<div class=\"elementor-element elementor-element-18ad52fc bewerbungs-footer elementor-widget elementor-widget-text-editor\" data-id=\"18ad52fc\" data-element_type=\"widget\" data-widget_type=\"text-editor.default\">\n\t\t\t\t<div class=\"elementor-widget-container\">\n\t\t\t\t\t\t\t\t\t<p>Si desea contribuir a nuestra historia de \u00e9xito, env\u00ede sus documentos de solicitud completos (incluyendo expectativas salariales y disponibilidad) por correo electr\u00f3nico.<\/p><p>Persona de contacto:<br \/>Giatec GmbH<br \/>Martin Grisard<br \/>Ruhrallee 5<br \/>45525 Hattingen<\/p><p>E-Mail: <a href=\"mailto:martin.grisard@giatec.de?subject=Berwerbung\">martin.grisard@giatec.de<\/a><\/p>\t\t\t\t\t\t\t\t<\/div>\n\t\t\t\t<\/div>\n\t\t\t\t\t<\/div>\n\t\t<\/div>\n\t\t\t\t\t<\/div>\n\t\t<\/section>\n\t\t\t\t<\/div>\n\t\t","protected":false},"excerpt":{"rendered":"<p>Estamos buscando a un profesional en automatizaci\u00f3n (m\/f\/d) para comenzar lo antes posible a tiempo completo (40 horas) con \u00e9nfasis en la automatizaci\u00f3n de procesos. Lo que puede esperar de nosotros: Planificaci\u00f3n, desarrollo e implementaci\u00f3n de proyectos de automatizaci\u00f3n. Trabajar de manera aut\u00f3noma en un equipo peque\u00f1o con estructuras jer\u00e1rquicas planas. Contacto directo con nuestros [&hellip;]<\/p>\n","protected":false},"author":1,"featured_media":0,"parent":0,"menu_order":0,"comment_status":"closed","ping_status":"closed","template":"","meta":{"footnotes":""},"class_list":["post-2311","page","type-page","status-publish","hentry"],"_links":{"self":[{"href":"https:\/\/www.giatec.de\/es\/wp-json\/wp\/v2\/pages\/2311","targetHints":{"allow":["GET"]}}],"collection":[{"href":"https:\/\/www.giatec.de\/es\/wp-json\/wp\/v2\/pages"}],"about":[{"href":"https:\/\/www.giatec.de\/es\/wp-json\/wp\/v2\/types\/page"}],"author":[{"embeddable":true,"href":"https:\/\/www.giatec.de\/es\/wp-json\/wp\/v2\/users\/1"}],"replies":[{"embeddable":true,"href":"https:\/\/www.giatec.de\/es\/wp-json\/wp\/v2\/comments?post=2311"}],"version-history":[{"count":7,"href":"https:\/\/www.giatec.de\/es\/wp-json\/wp\/v2\/pages\/2311\/revisions"}],"predecessor-version":[{"id":2347,"href":"https:\/\/www.giatec.de\/es\/wp-json\/wp\/v2\/pages\/2311\/revisions\/2347"}],"wp:attachment":[{"href":"https:\/\/www.giatec.de\/es\/wp-json\/wp\/v2\/media?parent=2311"}],"curies":[{"name":"wp","href":"https:\/\/api.w.org\/{rel}","templated":true}]}}